{"id":13,"date":"2024-12-18T18:34:29","date_gmt":"2024-12-18T18:34:29","guid":{"rendered":"https:\/\/redwood.ro\/pnrr\/?page_id=13"},"modified":"2025-04-16T19:39:23","modified_gmt":"2025-04-16T16:39:23","slug":"home","status":"publish","type":"page","link":"https:\/\/redwood.ro\/pnrr\/","title":{"rendered":"Home"},"content":{"rendered":"\t\t<div data-elementor-type=\"wp-page\" data-elementor-id=\"13\" class=\"elementor elementor-13\">\n\t\t\t\t<div class=\"elementor-element elementor-element-d7e5be0 e-flex e-con-boxed e-con e-parent\" data-id=\"d7e5be0\" data-element_type=\"container\" data-settings=\"{&quot;background_background&quot;:&quot;classic&quot;}\">\n\t\t\t\t\t<div class=\"e-con-inner\">\n\t\t<div class=\"elementor-element elementor-element-59612a0 e-con-full e-flex e-con e-child\" data-id=\"59612a0\" data-element_type=\"container\" data-settings=\"{&quot;background_background&quot;:&quot;classic&quot;}\">\n\t\t<div class=\"elementor-element elementor-element-3d930ad e-con-full e-flex e-con e-child\" data-id=\"3d930ad\" data-element_type=\"container\">\n\t\t\t\t<div class=\"elementor-element elementor-element-e9b789a elementor-widget elementor-widget-image\" data-id=\"e9b789a\" data-element_type=\"widget\" data-widget_type=\"image.default\">\n\t\t\t\t<div class=\"elementor-widget-container\">\n\t\t\t\t\t\t\t\t\t\t\t\t\t\t\t<img fetchpriority=\"high\" decoding=\"async\" width=\"800\" height=\"90\" src=\"https:\/\/redwood.ro\/pnrr\/wp-content\/uploads\/2024\/12\/Logo-PNRR-final-1024x115.png\" class=\"attachment-large size-large wp-image-21\" alt=\"\" srcset=\"https:\/\/redwood.ro\/pnrr\/wp-content\/uploads\/2024\/12\/Logo-PNRR-final-1024x115.png 1024w, https:\/\/redwood.ro\/pnrr\/wp-content\/uploads\/2024\/12\/Logo-PNRR-final-300x34.png 300w, https:\/\/redwood.ro\/pnrr\/wp-content\/uploads\/2024\/12\/Logo-PNRR-final-768x87.png 768w, https:\/\/redwood.ro\/pnrr\/wp-content\/uploads\/2024\/12\/Logo-PNRR-final-1536x173.png 1536w, https:\/\/redwood.ro\/pnrr\/wp-content\/uploads\/2024\/12\/Logo-PNRR-final-2048x231.png 2048w\" sizes=\"(max-width: 800px) 100vw, 800px\" \/>\t\t\t\t\t\t\t\t\t\t\t\t\t\t\t<\/div>\n\t\t\t\t<\/div>\n\t\t\t\t<\/div>\n\t\t<div class=\"elementor-element elementor-element-9354e1b e-con-full e-flex e-con e-child\" data-id=\"9354e1b\" data-element_type=\"container\">\n\t\t\t\t<div class=\"elementor-element elementor-element-e03dc3a elementor-widget elementor-widget-heading\" data-id=\"e03dc3a\" data-element_type=\"widget\" data-widget_type=\"heading.default\">\n\t\t\t\t<div class=\"elementor-widget-container\">\n\t\t\t\t\t<h2 class=\"elementor-heading-title elementor-size-default\">Digitalizare pentru inovarea strategiilor de promovare a proiectelor de film<\/h2>\t\t\t\t<\/div>\n\t\t\t\t<\/div>\n\t\t\t\t<div class=\"elementor-element elementor-element-a07fea3 elementor-widget elementor-widget-text-editor\" data-id=\"a07fea3\" data-element_type=\"widget\" data-widget_type=\"text-editor.default\">\n\t\t\t\t<div class=\"elementor-widget-container\">\n\t\t\t\t\t\t\t\t\t<p><span style=\"font-weight: 400;\">\u00cen perioada 27.09.2024 \u2013 27.03.2025, am implementat proiectul \u201eDigitalizare pentru inovarea strategiilor de promovare a proiectelor de film\u201d finan\u0163at prin Planul Na\u0163ional de Redresare \u015fi Rezilien\u0163\u0103, Componenta 11 \u2013 Turism \u0219i Cultur\u0103 &#8211; I7. Accelerarea digitaliz\u0103rii produc\u021biei \u0219i distribu\u021biei de filme, apel: PNRR\/2024\/C11\/MC\/I.7 \u2013 \u201cSprijinirea ini\u021biativelor culturale de accelerare a digitaliz\u0103rii produc\u021biei \u0219i distribu\u021biei de filme, inclusiv de filme cinematografice\u201d.<\/span><\/p>\t\t\t\t\t\t\t\t<\/div>\n\t\t\t\t<\/div>\n\t\t\t\t<div class=\"elementor-element elementor-element-535aac0 elementor-widget elementor-widget-text-editor\" data-id=\"535aac0\" data-element_type=\"widget\" data-widget_type=\"text-editor.default\">\n\t\t\t\t<div class=\"elementor-widget-container\">\n\t\t\t\t\t\t\t\t\t<p><span style=\"font-weight: 400;\">Suntem bucuro\u0219i c\u0103 am finalizat cu succes acest proiect, care pentru Redwood a \u00eensemnat cu adev\u0103rat cre\u0219terea capacit\u0103\u021bii \u0219i a competitivit\u0103\u021bii \u0219i modernizarea mijloacelor de produc\u021bie \u0219i distribu\u021bie. Acest proiect ne-a oferit ocazia s\u0103 realiz\u0103m teasere pentru dou\u0103 filme din portofoliu, s\u0103 facem pa\u0219i pentru salaria\u021bii companiei, s\u0103 avem echipamente noi, \u0219i \u00een general s\u0103 evolu\u0103m \u0219i s\u0103 ne sus\u021binem proiectele dintr-o pozi\u021bie mai solid\u0103. Suntem recunosc\u0103tori pentru aceast\u0103 oportunitate, \u0219i credem c\u0103 odat\u0103 cu acest proiect am plantat o s\u0103m\u00e2n\u021b\u0103 care se va dezvolta \u0219i va cre\u0219te \u0219i \u00een viitor.<\/span><\/p>\t\t\t\t\t\t\t\t<\/div>\n\t\t\t\t<\/div>\n\t\t\t\t<div class=\"elementor-element elementor-element-0e75092 elementor-widget elementor-widget-image\" data-id=\"0e75092\" data-element_type=\"widget\" data-widget_type=\"image.default\">\n\t\t\t\t<div class=\"elementor-widget-container\">\n\t\t\t\t\t\t\t\t\t\t\t\t\t\t\t<img decoding=\"async\" width=\"756\" height=\"1024\" src=\"https:\/\/redwood.ro\/pnrr\/wp-content\/uploads\/2025\/04\/poster_monarh-756x1024.webp\" class=\"attachment-large size-large wp-image-30\" alt=\"\" srcset=\"https:\/\/redwood.ro\/pnrr\/wp-content\/uploads\/2025\/04\/poster_monarh-756x1024.webp 756w, https:\/\/redwood.ro\/pnrr\/wp-content\/uploads\/2025\/04\/poster_monarh-222x300.webp 222w, https:\/\/redwood.ro\/pnrr\/wp-content\/uploads\/2025\/04\/poster_monarh-768x1040.webp 768w, https:\/\/redwood.ro\/pnrr\/wp-content\/uploads\/2025\/04\/poster_monarh-1135x1536.webp 1135w, https:\/\/redwood.ro\/pnrr\/wp-content\/uploads\/2025\/04\/poster_monarh-1513x2048.webp 1513w, https:\/\/redwood.ro\/pnrr\/wp-content\/uploads\/2025\/04\/poster_monarh-scaled.webp 1891w\" sizes=\"(max-width: 756px) 100vw, 756px\" \/>\t\t\t\t\t\t\t\t\t\t\t\t\t\t\t<\/div>\n\t\t\t\t<\/div>\n\t\t\t\t<div class=\"elementor-element elementor-element-2863bfc elementor-widget elementor-widget-text-editor\" data-id=\"2863bfc\" data-element_type=\"widget\" data-widget_type=\"text-editor.default\">\n\t\t\t\t<div class=\"elementor-widget-container\">\n\t\t\t\t\t\t\t\t\t<p><span style=\"font-weight: 400;\">\u00cen preg\u0103tirea produc\u021biei filmului \u201cMonarh\u201d, am realizat un teaser care se inspir\u0103 din visele din copil\u0103rie ale personajului principal. Da\u021bi click <\/span><a href=\"https:\/\/vimeo.com\/1031561389\" target=\"_blank\" rel=\"noopener\"><span style=\"font-weight: 400;\">aici<\/span><\/a><span style=\"font-weight: 400;\"> ca ca s\u0103 vede\u021bi ce a ie\u0219it! <\/span><\/p>\t\t\t\t\t\t\t\t<\/div>\n\t\t\t\t<\/div>\n\t\t\t\t<div class=\"elementor-element elementor-element-fea8018 elementor-widget elementor-widget-video\" data-id=\"fea8018\" data-element_type=\"widget\" data-settings=\"{&quot;video_type&quot;:&quot;vimeo&quot;}\" data-widget_type=\"video.default\">\n\t\t\t\t<div class=\"elementor-widget-container\">\n\t\t\t\t\t\t\t<div class=\"elementor-wrapper elementor-open-inline\">\n\t\t\t<iframe class=\"elementor-video-iframe\" allowfullscreen allow=\"clipboard-write\" title=\"Player video vimeo\" src=\"https:\/\/player.vimeo.com\/video\/1031561389?color&amp;autopause=0&amp;loop=0&amp;muted=0&amp;title=1&amp;portrait=1&amp;byline=1#t=\"><\/iframe>\t\t<\/div>\n\t\t\t\t\t\t<\/div>\n\t\t\t\t<\/div>\n\t\t\t\t<div class=\"elementor-element elementor-element-66610e2 elementor-widget-divider--view-line elementor-widget elementor-widget-divider\" data-id=\"66610e2\" data-element_type=\"widget\" data-widget_type=\"divider.default\">\n\t\t\t\t<div class=\"elementor-widget-container\">\n\t\t\t\t\t\t\t<div class=\"elementor-divider\">\n\t\t\t<span class=\"elementor-divider-separator\">\n\t\t\t\t\t\t<\/span>\n\t\t<\/div>\n\t\t\t\t\t\t<\/div>\n\t\t\t\t<\/div>\n\t\t\t\t<div class=\"elementor-element elementor-element-7a9c898 elementor-widget elementor-widget-image\" data-id=\"7a9c898\" data-element_type=\"widget\" data-widget_type=\"image.default\">\n\t\t\t\t<div class=\"elementor-widget-container\">\n\t\t\t\t\t\t\t\t\t\t\t\t\t\t\t<img decoding=\"async\" width=\"724\" height=\"1024\" src=\"https:\/\/redwood.ro\/pnrr\/wp-content\/uploads\/2025\/04\/poster_cvartal-724x1024.webp\" class=\"attachment-large size-large wp-image-31\" alt=\"\" srcset=\"https:\/\/redwood.ro\/pnrr\/wp-content\/uploads\/2025\/04\/poster_cvartal-724x1024.webp 724w, https:\/\/redwood.ro\/pnrr\/wp-content\/uploads\/2025\/04\/poster_cvartal-212x300.webp 212w, https:\/\/redwood.ro\/pnrr\/wp-content\/uploads\/2025\/04\/poster_cvartal-768x1086.webp 768w, https:\/\/redwood.ro\/pnrr\/wp-content\/uploads\/2025\/04\/poster_cvartal-1086x1536.webp 1086w, https:\/\/redwood.ro\/pnrr\/wp-content\/uploads\/2025\/04\/poster_cvartal-1448x2048.webp 1448w, https:\/\/redwood.ro\/pnrr\/wp-content\/uploads\/2025\/04\/poster_cvartal-scaled.webp 1810w\" sizes=\"(max-width: 724px) 100vw, 724px\" \/>\t\t\t\t\t\t\t\t\t\t\t\t\t\t\t<\/div>\n\t\t\t\t<\/div>\n\t\t\t\t<div class=\"elementor-element elementor-element-7a5ef80 elementor-widget elementor-widget-text-editor\" data-id=\"7a5ef80\" data-element_type=\"widget\" data-widget_type=\"text-editor.default\">\n\t\t\t\t<div class=\"elementor-widget-container\">\n\t\t\t\t\t\t\t\t\t<p><span style=\"font-weight: 400;\">Cel de-al doilea proiect cinematografic este reprezdentat de un film documentar care \u00ee\u0219i propune s\u0103 recupereze memoria cvaratalelor muncitore\u0219ti din \u021bar\u0103. \u00cen ultimele luni, am fost al\u0103turi de realizatorii filmului, pentru a surprinde c\u00e2te ceva din ce se preg\u0103te\u0219te \u00een \u201cOra\u0219e \u00een a\u0219teptare\u201d. V\u0103 invit\u0103m s\u0103 vede\u021bi aceste imagini \u00een trei scurte video-uri, disponibile mai jos:<\/span><\/p>\t\t\t\t\t\t\t\t<\/div>\n\t\t\t\t<\/div>\n\t\t<div class=\"elementor-element elementor-element-e4a2ef8 e-con-full e-flex e-con e-child\" data-id=\"e4a2ef8\" data-element_type=\"container\">\n\t\t<div class=\"elementor-element elementor-element-79eecd6 e-grid e-con-full e-con e-child\" data-id=\"79eecd6\" data-element_type=\"container\">\n\t\t\t\t<div class=\"elementor-element elementor-element-9e27c8d elementor-widget elementor-widget-video\" data-id=\"9e27c8d\" data-element_type=\"widget\" data-settings=\"{&quot;video_type&quot;:&quot;vimeo&quot;}\" data-widget_type=\"video.default\">\n\t\t\t\t<div class=\"elementor-widget-container\">\n\t\t\t\t\t\t\t<div class=\"elementor-wrapper elementor-open-inline\">\n\t\t\t<iframe class=\"elementor-video-iframe\" allowfullscreen allow=\"clipboard-write\" title=\"Player video vimeo\" src=\"https:\/\/player.vimeo.com\/video\/1066896002?color&amp;autopause=0&amp;loop=0&amp;muted=0&amp;title=1&amp;portrait=1&amp;byline=1#t=\"><\/iframe>\t\t<\/div>\n\t\t\t\t\t\t<\/div>\n\t\t\t\t<\/div>\n\t\t\t\t<div class=\"elementor-element elementor-element-e8fa134 elementor-widget elementor-widget-video\" data-id=\"e8fa134\" data-element_type=\"widget\" data-settings=\"{&quot;video_type&quot;:&quot;vimeo&quot;}\" data-widget_type=\"video.default\">\n\t\t\t\t<div class=\"elementor-widget-container\">\n\t\t\t\t\t\t\t<div class=\"elementor-wrapper elementor-open-inline\">\n\t\t\t<iframe class=\"elementor-video-iframe\" allowfullscreen allow=\"clipboard-write\" title=\"Player video vimeo\" src=\"https:\/\/player.vimeo.com\/video\/1068100866?color&amp;autopause=0&amp;loop=0&amp;muted=0&amp;title=1&amp;portrait=1&amp;byline=1#t=\"><\/iframe>\t\t<\/div>\n\t\t\t\t\t\t<\/div>\n\t\t\t\t<\/div>\n\t\t\t\t<div class=\"elementor-element elementor-element-2256c60 elementor-widget elementor-widget-video\" data-id=\"2256c60\" data-element_type=\"widget\" data-settings=\"{&quot;video_type&quot;:&quot;vimeo&quot;}\" data-widget_type=\"video.default\">\n\t\t\t\t<div class=\"elementor-widget-container\">\n\t\t\t\t\t\t\t<div class=\"elementor-wrapper elementor-open-inline\">\n\t\t\t<iframe class=\"elementor-video-iframe\" allowfullscreen allow=\"clipboard-write\" title=\"Player video vimeo\" src=\"https:\/\/player.vimeo.com\/video\/1068901898?color&amp;autopause=0&amp;loop=0&amp;muted=0&amp;title=1&amp;portrait=1&amp;byline=1#t=\"><\/iframe>\t\t<\/div>\n\t\t\t\t\t\t<\/div>\n\t\t\t\t<\/div>\n\t\t\t\t<\/div>\n\t\t\t\t<\/div>\n\t\t\t\t<div class=\"elementor-element elementor-element-b5ebd24 elementor-widget-divider--view-line elementor-widget elementor-widget-divider\" data-id=\"b5ebd24\" data-element_type=\"widget\" data-widget_type=\"divider.default\">\n\t\t\t\t<div class=\"elementor-widget-container\">\n\t\t\t\t\t\t\t<div class=\"elementor-divider\">\n\t\t\t<span class=\"elementor-divider-separator\">\n\t\t\t\t\t\t<\/span>\n\t\t<\/div>\n\t\t\t\t\t\t<\/div>\n\t\t\t\t<\/div>\n\t\t\t\t<div class=\"elementor-element elementor-element-d8773f7 elementor-widget elementor-widget-heading\" data-id=\"d8773f7\" data-element_type=\"widget\" data-widget_type=\"heading.default\">\n\t\t\t\t<div class=\"elementor-widget-container\">\n\t\t\t\t\t<h2 class=\"elementor-heading-title elementor-size-default\">Despre proiect<\/h2>\t\t\t\t<\/div>\n\t\t\t\t<\/div>\n\t\t\t\t<div class=\"elementor-element elementor-element-9ee53a6 elementor-widget elementor-widget-image\" data-id=\"9ee53a6\" data-element_type=\"widget\" data-widget_type=\"image.default\">\n\t\t\t\t<div class=\"elementor-widget-container\">\n\t\t\t\t\t\t\t\t\t\t\t\t\t\t\t<img loading=\"lazy\" decoding=\"async\" width=\"778\" height=\"1024\" src=\"https:\/\/redwood.ro\/pnrr\/wp-content\/uploads\/2025\/04\/poster_distributie-778x1024.webp\" class=\"attachment-large size-large wp-image-32\" alt=\"\" srcset=\"https:\/\/redwood.ro\/pnrr\/wp-content\/uploads\/2025\/04\/poster_distributie-778x1024.webp 778w, https:\/\/redwood.ro\/pnrr\/wp-content\/uploads\/2025\/04\/poster_distributie-228x300.webp 228w, https:\/\/redwood.ro\/pnrr\/wp-content\/uploads\/2025\/04\/poster_distributie-768x1011.webp 768w, https:\/\/redwood.ro\/pnrr\/wp-content\/uploads\/2025\/04\/poster_distributie-1167x1536.webp 1167w, https:\/\/redwood.ro\/pnrr\/wp-content\/uploads\/2025\/04\/poster_distributie-1555x2048.webp 1555w, https:\/\/redwood.ro\/pnrr\/wp-content\/uploads\/2025\/04\/poster_distributie.webp 1920w\" sizes=\"(max-width: 778px) 100vw, 778px\" \/>\t\t\t\t\t\t\t\t\t\t\t\t\t\t\t<\/div>\n\t\t\t\t<\/div>\n\t\t\t\t<div class=\"elementor-element elementor-element-560f815 elementor-widget elementor-widget-text-editor\" data-id=\"560f815\" data-element_type=\"widget\" data-widget_type=\"text-editor.default\">\n\t\t\t\t<div class=\"elementor-widget-container\">\n\t\t\t\t\t\t\t\t\t<p><span style=\"font-weight: 400;\">Prin proiectul \u201eDigitalizare pentru inovarea strategiilor de promovare a proiectelor de film\u201d, Redwood a vizat cre\u0219terea competitivit\u0103\u021bii pe pia\u021ba na\u021bional\u0103 \u0219i interna\u021bional\u0103 cinematografic\u0103 prin digitalizarea proceselor de distribu\u021bie a filmelor abord\u00e2nd distribu\u021bia de film \u00eenc\u0103 de la primele etape de dezvoltare a proiectelor cinematografice. <\/span><\/p>\t\t\t\t\t\t\t\t<\/div>\n\t\t\t\t<\/div>\n\t\t\t\t<div class=\"elementor-element elementor-element-057168a elementor-widget elementor-widget-text-editor\" data-id=\"057168a\" data-element_type=\"widget\" data-widget_type=\"text-editor.default\">\n\t\t\t\t<div class=\"elementor-widget-container\">\n\t\t\t\t\t\t\t\t\t<p><span style=\"font-weight: 400;\">\u00cen cadrul proiectului am atins toate rezultatele asumate, respectiv: 4 produse audio-vizuale digitale au fost dezvoltate \u0219i distribuite \u00een mediul digital sub forma a patru teasere aferente a dou\u0103 proiecte cinematografice; 2 angaja\u021bi au dob\u00e2ndit competen\u021be digitale pentru editare \u0219i post-produc\u021bie pentru produse digitale, absolvind cu success programul de formare de editor video; am realizat achizi\u021bia de echipament IT pentru editare\/post-produc\u021bie, \u0219i pentru produc\u021bia materialelor audio-vizuale; am realizat implementarea unei campanii de comunicare \u0219i marketing a proiectului \u0219i a materialelor realizate.<\/span><\/p>\t\t\t\t\t\t\t\t<\/div>\n\t\t\t\t<\/div>\n\t\t\t\t<div class=\"elementor-element elementor-element-cd58143 elementor-widget-divider--view-line elementor-widget elementor-widget-divider\" data-id=\"cd58143\" data-element_type=\"widget\" data-widget_type=\"divider.default\">\n\t\t\t\t<div class=\"elementor-widget-container\">\n\t\t\t\t\t\t\t<div class=\"elementor-divider\">\n\t\t\t<span class=\"elementor-divider-separator\">\n\t\t\t\t\t\t<\/span>\n\t\t<\/div>\n\t\t\t\t\t\t<\/div>\n\t\t\t\t<\/div>\n\t\t\t\t<div class=\"elementor-element elementor-element-eb299c7 elementor-widget elementor-widget-text-editor\" data-id=\"eb299c7\" data-element_type=\"widget\" data-widget_type=\"text-editor.default\">\n\t\t\t\t<div class=\"elementor-widget-container\">\n\t\t\t\t\t\t\t\t\t<p><span style=\"font-weight: 400;\">Valoarea total\u0103 a proiectului este de 443.961,83 lei<\/span><\/p><p><span style=\"font-weight: 400;\">Valoarea finan\u021b\u0103rii nerambursabile este de 443.961,83 lei<\/span><\/p><p><span style=\"font-weight: 400;\">Data \u00eenceperii proiectului: 27.09.2024<\/span><\/p><p><span style=\"font-weight: 400;\">Data finaliz\u0103rii proiectului: 27.03.2025<\/span><\/p><p><span style=\"font-weight: 400;\">Cod proiect P. 28<\/span><\/p>\t\t\t\t\t\t\t\t<\/div>\n\t\t\t\t<\/div>\n\t\t\t\t<div class=\"elementor-element elementor-element-649aef0 elementor-widget-divider--view-line elementor-widget elementor-widget-divider\" data-id=\"649aef0\" data-element_type=\"widget\" data-widget_type=\"divider.default\">\n\t\t\t\t<div class=\"elementor-widget-container\">\n\t\t\t\t\t\t\t<div class=\"elementor-divider\">\n\t\t\t<span class=\"elementor-divider-separator\">\n\t\t\t\t\t\t<\/span>\n\t\t<\/div>\n\t\t\t\t\t\t<\/div>\n\t\t\t\t<\/div>\n\t\t\t\t<div class=\"elementor-element elementor-element-8a20b91 elementor-widget elementor-widget-text-editor\" data-id=\"8a20b91\" data-element_type=\"widget\" data-widget_type=\"text-editor.default\">\n\t\t\t\t<div class=\"elementor-widget-container\">\n\t\t\t\t\t\t\t\t\t<p><span style=\"font-weight: 400;\">Date de contact: REDWOOD PRODUCTIONS S.R.L\u00a0<\/span><\/p><p><span style=\"font-weight: 400;\">Adresa: Str. Pene\u0219 Curcanul 20, Sector 3, Bucure\u0219ti<\/span><\/p><p><span style=\"font-weight: 400;\">E-mail: <\/span><a href=\"mailto:livia@redwood.ro\"><span style=\"font-weight: 400;\">livia@redwood.ro<\/span><\/a><\/p><p><span style=\"font-weight: 400;\">FB: <\/span><a href=\"https:\/\/www.facebook.com\/redwoodfilmproductions\/\"><span style=\"font-weight: 400;\">https:\/\/www.facebook.com\/redwoodfilmproductions\/<\/span><\/a> <\/p>\t\t\t\t\t\t\t\t<\/div>\n\t\t\t\t<\/div>\n\t\t\t\t<div class=\"elementor-element elementor-element-6ceaac4 elementor-widget elementor-widget-text-editor\" data-id=\"6ceaac4\" data-element_type=\"widget\" data-widget_type=\"text-editor.default\">\n\t\t\t\t<div class=\"elementor-widget-container\">\n\t\t\t\t\t\t\t\t\t<p>PNRR. Finan\u021bat de Uniunea European\u0103 &#8211; Urm\u0103toareaGenera\u021bieUE<\/p><p>Website &#8211; <a href=\"https:\/\/mfe.gov.ro\/pnrr\/\">https:\/\/mfe.gov.ro\/pnrr\/<\/a><br \/>Facebook &#8211; <a href=\"https:\/\/www.facebook.com\/PNRROficial\">https:\/\/www.facebook.com\/PNRROficial<\/a><\/p><p>Con\u021binutul acestui material nu reprezint\u0103 \u00een mod obligatoriu pozi\u021bia oficial\u0103 a Uniunii Europene sau a Guvernului Rom\u00e2niei<\/p>\t\t\t\t\t\t\t\t<\/div>\n\t\t\t\t<\/div>\n\t\t\t\t<\/div>\n\t\t\t\t<\/div>\n\t\t\t\t\t<\/div>\n\t\t\t\t<\/div>\n\t\t\t\t<\/div>\n\t\t","protected":false},"excerpt":{"rendered":"<p>Digitalizare pentru inovarea strategiilor de promovare a proiectelor de film \u00cen perioada 27.09.2024 \u2013 27.03.2025, am implementat proiectul \u201eDigitalizare pentru inovarea strategiilor de promovare a proiectelor de film\u201d finan\u0163at prin Planul Na\u0163ional de Redresare \u015fi Rezilien\u0163\u0103, Componenta 11 \u2013 Turism \u0219i Cultur\u0103 &#8211; I7. Accelerarea digitaliz\u0103rii produc\u021biei \u0219i distribu\u021biei de filme, apel: PNRR\/2024\/C11\/MC\/I.7 \u2013 \u201cSprijinirea [&hellip;]<\/p>\n","protected":false},"author":1,"featured_media":0,"parent":0,"menu_order":0,"comment_status":"closed","ping_status":"closed","template":"","meta":{"footnotes":""},"class_list":["post-13","page","type-page","status-publish","hentry"],"_links":{"self":[{"href":"https:\/\/redwood.ro\/pnrr\/wp-json\/wp\/v2\/pages\/13","targetHints":{"allow":["GET"]}}],"collection":[{"href":"https:\/\/redwood.ro\/pnrr\/wp-json\/wp\/v2\/pages"}],"about":[{"href":"https:\/\/redwood.ro\/pnrr\/wp-json\/wp\/v2\/types\/page"}],"author":[{"embeddable":true,"href":"https:\/\/redwood.ro\/pnrr\/wp-json\/wp\/v2\/users\/1"}],"replies":[{"embeddable":true,"href":"https:\/\/redwood.ro\/pnrr\/wp-json\/wp\/v2\/comments?post=13"}],"version-history":[{"count":13,"href":"https:\/\/redwood.ro\/pnrr\/wp-json\/wp\/v2\/pages\/13\/revisions"}],"predecessor-version":[{"id":35,"href":"https:\/\/redwood.ro\/pnrr\/wp-json\/wp\/v2\/pages\/13\/revisions\/35"}],"wp:attachment":[{"href":"https:\/\/redwood.ro\/pnrr\/wp-json\/wp\/v2\/media?parent=13"}],"curies":[{"name":"wp","href":"https:\/\/api.w.org\/{rel}","templated":true}]}}